{"id":11,"date":"2023-12-20T15:52:52","date_gmt":"2023-12-20T14:52:52","guid":{"rendered":"https:\/\/ecole-saintlazare.fr\/?page_id=11"},"modified":"2026-03-30T10:18:24","modified_gmt":"2026-03-30T08:18:24","slug":"informations-generales","status":"publish","type":"page","link":"https:\/\/ecole-saintlazare.fr\/index.php\/informations-generales\/","title":{"rendered":"Informations g\u00e9n\u00e9rales"},"content":{"rendered":"\n<div class=\"wp-block-group\"><div class=\"wp-block-group__inner-container is-layout-constrained wp-block-group-is-layout-constrained\">\n<p>Cheffe d&#8217;\u00e9tablissement: V\u00e9ronique Lenoir<\/p>\n\n\n\n<p>Accueil sur rendez-vous: lundi apr\u00e8s-midi, jeudi matin et vendredi apr\u00e8s-midi<\/p>\n<\/div><\/div>\n\n\n\n<h2 class=\"wp-block-heading\">Horaires<\/h2>\n\n\n\n<figure class=\"wp-block-table\"><table><tbody><tr><td>7h30-8h20<\/td><td>Garderie<\/td><\/tr><tr><td>8h20-8h30<\/td><td>Accueil dans les classes<\/td><\/tr><tr><td><strong>8h30-11h45<\/strong><\/td><td><strong>Matin\u00e9e de classe<\/strong><\/td><\/tr><tr><td>11h45-13h30<\/td><td>Pause m\u00e9ridienne et cantine<\/td><\/tr><tr><td><strong>13h30-16h30<\/strong><\/td><td><strong>Apr\u00e8s-midi de classe<\/strong><\/td><\/tr><tr><td>16h30-16h45<\/td><td>Sortie des classes<\/td><\/tr><tr><td>16h45-18h30<\/td><td>Garderie<\/td><\/tr><\/tbody><\/table><\/figure>\n\n\n\n<h2 class=\"wp-block-heading\">Classes<\/h2>\n\n\n\n<p>Notre petite structure \u00e0 3 classes accueille actuellement 74 \u00e9l\u00e8ves, r\u00e9partis en 2025-2026 de la fa\u00e7on suivante :<\/p>\n\n\n\n<div style=\"height:30px\" aria-hidden=\"true\" class=\"wp-block-spacer\"><\/div>\n\n\n\n<div class=\"wp-block-columns is-layout-flex wp-container-core-columns-is-layout-9d6595d7 wp-block-columns-is-layout-flex\">\n<div class=\"wp-block-column is-layout-flow wp-block-column-is-layout-flow\"><div class=\"wp-block-image\">\n<figure class=\"aligncenter\"><img loading=\"lazy\" decoding=\"async\" width=\"1024\" height=\"709\" src=\"https:\/\/ecole-saintlazare.fr\/wp-content\/uploads\/2023\/12\/Photo-equipe-1-1024x709.jpg\" alt=\"\" class=\"wp-image-117\" srcset=\"https:\/\/ecole-saintlazare.fr\/wp-content\/uploads\/2023\/12\/Photo-equipe-1-1024x709.jpg 1024w, https:\/\/ecole-saintlazare.fr\/wp-content\/uploads\/2023\/12\/Photo-equipe-1-300x208.jpg 300w, https:\/\/ecole-saintlazare.fr\/wp-content\/uploads\/2023\/12\/Photo-equipe-1-768x532.jpg 768w, https:\/\/ecole-saintlazare.fr\/wp-content\/uploads\/2023\/12\/Photo-equipe-1-1536x1063.jpg 1536w, https:\/\/ecole-saintlazare.fr\/wp-content\/uploads\/2023\/12\/Photo-equipe-1-2048x1417.jpg 2048w\" sizes=\"auto, (max-width: 1024px) 100vw, 1024px\" \/><\/figure>\n<\/div><\/div>\n\n\n\n<div class=\"wp-block-column is-layout-flow wp-block-column-is-layout-flow\">\n<ul class=\"wp-block-list\">\n<li><strong>PS-MS<\/strong>&nbsp;: \n<ul class=\"wp-block-list\">\n<li>Enseignante :&nbsp;<strong>Doroth\u00e9e BLANCHARD<\/strong><\/li>\n\n\n\n<li>ASEM :&nbsp;<strong>Sophie ROBOAM<\/strong><\/li>\n<\/ul>\n<\/li>\n\n\n\n<li><strong>GS-CP-CE1<\/strong>&nbsp;:\n<ul class=\"wp-block-list\">\n<li>Enseignantes :&nbsp;<strong>Isabelle HALL<\/strong>  \n<ul class=\"wp-block-list\">\n<li>                   <strong>Sylvie GOUET-MASUER<\/strong><\/li>\n<\/ul>\n<\/li>\n\n\n\n<li>ASEM :&nbsp;<strong>Myl\u00e8ne DESGROUAS<\/strong>.<\/li>\n<\/ul>\n<\/li>\n\n\n\n<li><strong>CE2-CM1-CM2<\/strong>&nbsp;: \n<ul class=\"wp-block-list\">\n<li>Enseignante&nbsp;<strong>Capucine ROY<\/strong>, suppl\u00e9\u00e9e par <strong>Vincent RUDEAU<\/strong><\/li>\n<\/ul>\n<\/li>\n\n\n\n<li>Enseignante sp\u00e9cialis\u00e9e :&nbsp;<strong>Emilie MARC<\/strong><\/li>\n<\/ul>\n<\/div>\n<\/div>\n\n\n\n<p><\/p>\n\n\n\n<div style=\"height:30px\" aria-hidden=\"true\" class=\"wp-block-spacer\"><\/div>\n\n\n\n<h2 class=\"wp-block-heading\">Projet \u00e9ducatif<\/h2>\n\n\n\n<div class=\"wp-block-columns is-layout-flex wp-container-core-columns-is-layout-9d6595d7 wp-block-columns-is-layout-flex\">\n<div class=\"wp-block-column is-vertically-aligned-center is-layout-flow wp-block-column-is-layout-flow\">\n<div class=\"wp-block-cover is-light\"><span aria-hidden=\"true\" class=\"wp-block-cover__background has-yellow-background-color has-background-dim-100 has-background-dim\"><\/span><div class=\"wp-block-cover__inner-container is-layout-constrained wp-block-cover-is-layout-constrained\">\n<p class=\"has-text-align-center has-large-font-size\">Accueillir<\/p>\n\n\n\n<hr class=\"wp-block-separator has-alpha-channel-opacity\"\/>\n\n\n\n<ul class=\"wp-block-list\">\n<li>Accueil de tous les enfants dans leurs diff\u00e9rences (sant\u00e9, \u00e9motions\u2026).<\/li>\n\n\n\n<li>Accompagnement des \u00e9l\u00e8ves en difficult\u00e9.<\/li>\n\n\n\n<li>Disponibilit\u00e9 envers les familles et dialogue suivi avec les familles (r\u00e9union de classe et rencontre individuelle parents\/ enseignants).<\/li>\n\n\n\n<li>Participation \u00e0 la formation professionnelle: accueil de stagiaires.<\/li>\n\n\n\n<li>Intervention de b\u00e9n\u00e9voles : centre social, association sportive GAZELEC, association lire et faire lire\u2026<\/li>\n\n\n\n<li>Garderie de 7h30 \u00e0 18h30<\/li>\n<\/ul>\n<\/div><\/div>\n<\/div>\n\n\n\n<div class=\"wp-block-column is-vertically-aligned-center is-layout-flow wp-block-column-is-layout-flow\">\n<div class=\"wp-block-cover\"><span aria-hidden=\"true\" class=\"wp-block-cover__background has-blue-background-color has-background-dim-100 has-background-dim\"><\/span><div class=\"wp-block-cover__inner-container is-layout-constrained wp-block-cover-is-layout-constrained\">\n<p class=\"has-text-align-center has-large-font-size\">\u00catre acteur<\/p>\n\n\n\n<hr class=\"wp-block-separator has-alpha-channel-opacity\"\/>\n\n\n\n<ul class=\"wp-block-list\">\n<li>Respect d\u2019autrui et reconnaissance de l\u2019autorit\u00e9.<\/li>\n\n\n\n<li>Respect du r\u00e8glement int\u00e9rieur de l\u2019\u00e9cole et mise en place de contrats de bonne conduite.<\/li>\n\n\n\n<li>Participation aux rencontres et animations (go\u00fbter de No\u00ebl, carnaval,  kermesse, etc.).<\/li>\n\n\n\n<li>Actions  b\u00e9n\u00e9voles  au sein de l\u2019\u00e9cole (OGEC et APEL).<\/li>\n<\/ul>\n<\/div><\/div>\n<\/div>\n<\/div>\n\n\n\n<div class=\"wp-block-columns is-layout-flex wp-container-core-columns-is-layout-9d6595d7 wp-block-columns-is-layout-flex\">\n<div class=\"wp-block-column is-layout-flow wp-block-column-is-layout-flow\">\n<div class=\"wp-block-cover is-light\"><span aria-hidden=\"true\" class=\"wp-block-cover__background has-green-background-color has-background-dim-100 has-background-dim\"><\/span><div class=\"wp-block-cover__inner-container is-layout-constrained wp-block-cover-is-layout-constrained\">\n<p class=\"has-text-align-center has-large-font-size\">Oser, innover<\/p>\n\n\n\n<hr class=\"wp-block-separator has-alpha-channel-opacity\"\/>\n\n\n\n<ul class=\"wp-block-list\">\n<li>Pr\u00e9vention du harc\u00e8lement et M\u00e9thode de Pr\u00e9occupation partag\u00e9e<\/li>\n\n\n\n<li>D\u00e9veloppement des comp\u00e9tences psychosociales<\/li>\n\n\n\n<li>Chant choral et \u00e9laboration d&#8217;un spectacle annuel<\/li>\n\n\n\n<li>D\u00e9couverte de nouveaux sports<\/li>\n<\/ul>\n<\/div><\/div>\n<\/div>\n\n\n\n<div class=\"wp-block-column is-layout-flow wp-block-column-is-layout-flow\">\n<div class=\"wp-block-cover is-light\"><span aria-hidden=\"true\" class=\"wp-block-cover__background has-orange-background-color has-background-dim-100 has-background-dim\"><\/span><div class=\"wp-block-cover__inner-container is-layout-constrained wp-block-cover-is-layout-constrained\">\n<p class=\"has-text-align-center has-large-font-size\">Valoriser<\/p>\n\n\n\n<hr class=\"wp-block-separator has-alpha-channel-opacity\"\/>\n\n\n\n<ul class=\"wp-block-list\">\n<li>Autonomie.<\/li>\n\n\n\n<li>Diff\u00e9renciation.<\/li>\n\n\n\n<li>Bienveillance, encouragements<\/li>\n\n\n\n<li>Soin du travail et respect des engagements.<\/li>\n\n\n\n<li>\u00c9valuation positive.<\/li>\n\n\n\n<li>Conseil de coop\u00e9ration.<\/li>\n<\/ul>\n<\/div><\/div>\n<\/div>\n<\/div>\n\n\n\n<div class=\"wp-block-columns is-layout-flex wp-container-core-columns-is-layout-9d6595d7 wp-block-columns-is-layout-flex\">\n<div class=\"wp-block-column is-layout-flow wp-block-column-is-layout-flow\">\n<div class=\"wp-block-cover\"><span aria-hidden=\"true\" class=\"wp-block-cover__background has-red-background-color has-background-dim-100 has-background-dim\"><\/span><div class=\"wp-block-cover__inner-container is-layout-constrained wp-block-cover-is-layout-constrained\">\n<p class=\"has-text-align-center has-large-font-size\">Dire sa source et en vivre<\/p>\n\n\n\n<hr class=\"wp-block-separator has-alpha-channel-opacity\"\/>\n\n\n\n<ul class=\"wp-block-list\">\n<li>Culture chr\u00e9tienne : d\u00e9couverte de la Bible.<\/li>\n\n\n\n<li>Temps d\u2019\u00e9changes avec le pr\u00eatre de la paroisse.<\/li>\n\n\n\n<li>Temps forts de l\u2019ann\u00e9e liturgique.<\/li>\n\n\n\n<li>Temps de c\u00e9l\u00e9bration \u00e0 l\u2019\u00e9glise anim\u00e9s par les enfants.<\/li>\n\n\n\n<li>Ouverture aux autres religions.<\/li>\n\n\n\n<li>participation aux actions caritatives<\/li>\n<\/ul>\n\n\n\n<p>dans le respect de la libert\u00e9 de conscience<\/p>\n<\/div><\/div>\n<\/div>\n\n\n\n<div class=\"wp-block-column is-layout-flow wp-block-column-is-layout-flow\"><\/div>\n<\/div>\n\n\n\n<div style=\"height:30px\" aria-hidden=\"true\" class=\"wp-block-spacer\"><\/div>\n\n\n\n<h2 class=\"wp-block-heading\">R\u00e8glements<\/h2>\n\n\n\n<div class=\"wp-block-buttons is-layout-flex wp-block-buttons-is-layout-flex\">\n<div class=\"wp-block-button\"><a class=\"wp-block-button__link wp-element-button\" href=\"..\/..\/wp-content\/uploads\/2023\/12\/Reglement-interieur.pdf\" target=\"_blank\" rel=\"noreferrer noopener\">T\u00e9l\u00e9charger le r\u00e8glement int\u00e9rieur<\/a><\/div>\n\n\n\n<div class=\"wp-block-button\"><a class=\"wp-block-button__link wp-element-button\" href=\"..\/..\/wp-content\/uploads\/2023\/12\/Reglement-financier.pdf\" target=\"_blank\" rel=\"noreferrer noopener\">T\u00e9l\u00e9charger le r\u00e8glement financier<\/a><\/div>\n<\/div>\n","protected":false},"excerpt":{"rendered":"<p>Cheffe d&#8217;\u00e9tablissement: V\u00e9ronique Lenoir Accueil sur rendez-vous: lundi apr\u00e8s-midi, jeudi matin et vendredi apr\u00e8s-midi Horaires 7h30-8h20 Garderie 8h20-8h30 Accueil dans les classes 8h30-11h45 Matin\u00e9e de classe 11h45-13h30 Pause m\u00e9ridienne et cantine 13h30-16h30 Apr\u00e8s-midi de classe 16h30-16h45 Sortie des classes 16h45-18h30 Garderie Classes Notre petite structure \u00e0 3 classes accueille actuellement [&hellip;]<\/p>\n","protected":false},"author":1,"featured_media":0,"parent":0,"menu_order":0,"comment_status":"closed","ping_status":"closed","template":"","meta":{"footnotes":""},"class_list":["post-11","page","type-page","status-publish","hentry"],"_links":{"self":[{"href":"https:\/\/ecole-saintlazare.fr\/index.php\/wp-json\/wp\/v2\/pages\/11","targetHints":{"allow":["GET"]}}],"collection":[{"href":"https:\/\/ecole-saintlazare.fr\/index.php\/wp-json\/wp\/v2\/pages"}],"about":[{"href":"https:\/\/ecole-saintlazare.fr\/index.php\/wp-json\/wp\/v2\/types\/page"}],"author":[{"embeddable":true,"href":"https:\/\/ecole-saintlazare.fr\/index.php\/wp-json\/wp\/v2\/users\/1"}],"replies":[{"embeddable":true,"href":"https:\/\/ecole-saintlazare.fr\/index.php\/wp-json\/wp\/v2\/comments?post=11"}],"version-history":[{"count":28,"href":"https:\/\/ecole-saintlazare.fr\/index.php\/wp-json\/wp\/v2\/pages\/11\/revisions"}],"predecessor-version":[{"id":163,"href":"https:\/\/ecole-saintlazare.fr\/index.php\/wp-json\/wp\/v2\/pages\/11\/revisions\/163"}],"wp:attachment":[{"href":"https:\/\/ecole-saintlazare.fr\/index.php\/wp-json\/wp\/v2\/media?parent=11"}],"curies":[{"name":"wp","href":"https:\/\/api.w.org\/{rel}","templated":true}]}}