{"id":33,"date":"2023-12-20T16:28:06","date_gmt":"2023-12-20T15:28:06","guid":{"rendered":"https:\/\/ecole-saintlazare.fr\/?page_id=33"},"modified":"2025-11-26T11:16:43","modified_gmt":"2025-11-26T10:16:43","slug":"agenda","status":"publish","type":"page","link":"https:\/\/ecole-saintlazare.fr\/index.php\/agenda\/","title":{"rendered":"Agenda"},"content":{"rendered":"\n<p>Nous communiquons de mani\u00e8re r\u00e9guli\u00e8re avec les parents via la plateforme Educartable. Retrouvez n\u00e9anmoins ici les principales dates \u00e0 venir :<\/p>\n\n\n\n<ul class=\"wp-block-list\">\n<li><strong>Samedi 31 janvier 2026<\/strong> : de <strong>9h<\/strong> \u00e0 <strong>12h<\/strong>, <strong>Portes Ouvertes<\/strong> de l&#8217;\u00e9tablissement.<\/li>\n<\/ul>\n","protected":false},"excerpt":{"rendered":"<p>Nous communiquons de mani\u00e8re r\u00e9guli\u00e8re avec les parents via la plateforme Educartable. Retrouvez n\u00e9anmoins ici les principales dates \u00e0 venir :<\/p>\n","protected":false},"author":1,"featured_media":0,"parent":0,"menu_order":0,"comment_status":"closed","ping_status":"closed","template":"","meta":{"footnotes":""},"class_list":["post-33","page","type-page","status-publish","hentry"],"_links":{"self":[{"href":"https:\/\/ecole-saintlazare.fr\/index.php\/wp-json\/wp\/v2\/pages\/33","targetHints":{"allow":["GET"]}}],"collection":[{"href":"https:\/\/ecole-saintlazare.fr\/index.php\/wp-json\/wp\/v2\/pages"}],"about":[{"href":"https:\/\/ecole-saintlazare.fr\/index.php\/wp-json\/wp\/v2\/types\/page"}],"author":[{"embeddable":true,"href":"https:\/\/ecole-saintlazare.fr\/index.php\/wp-json\/wp\/v2\/users\/1"}],"replies":[{"embeddable":true,"href":"https:\/\/ecole-saintlazare.fr\/index.php\/wp-json\/wp\/v2\/comments?post=33"}],"version-history":[{"count":5,"href":"https:\/\/ecole-saintlazare.fr\/index.php\/wp-json\/wp\/v2\/pages\/33\/revisions"}],"predecessor-version":[{"id":161,"href":"https:\/\/ecole-saintlazare.fr\/index.php\/wp-json\/wp\/v2\/pages\/33\/revisions\/161"}],"wp:attachment":[{"href":"https:\/\/ecole-saintlazare.fr\/index.php\/wp-json\/wp\/v2\/media?parent=33"}],"curies":[{"name":"wp","href":"https:\/\/api.w.org\/{rel}","templated":true}]}}